{"id":32,"date":"2025-01-31T08:17:17","date_gmt":"2025-01-31T14:17:17","guid":{"rendered":"https:\/\/fin.setorreciclagem.com.br\/?page_id=32"},"modified":"2025-02-03T17:57:24","modified_gmt":"2025-02-03T20:57:24","slug":"about-us","status":"publish","type":"page","link":"https:\/\/fin.setorreciclagem.com.br\/fr\/about-us\/","title":{"rendered":"Sobre N\u00f3s"},"content":{"rendered":"<p><strong>Bem-vindo ao Setor Finan\u00e7as!<\/strong><\/p>\n\n\n\n<p>No Setor Finan\u00e7as, acreditamos que poupar e cuidar caminham juntas. Nosso portal nasceu da paix\u00e3o por oferecer dicas pr\u00e1ticas de finan\u00e7as e promover a sustentabilidade, incentivando voc\u00ea a gerir seus recursos de maneira consciente e respons\u00e1vel.<\/p>\n\n\n\n<hr class=\"wp-block-separator has-alpha-channel-opacity\"\/>\n\n\n\n<h3 class=\"wp-block-heading\">Nossa Miss\u00e3o<\/h3>\n\n\n\n<p>Nossa miss\u00e3o \u00e9 compartilhar conhecimento e tend\u00eancias sobre finan\u00e7as pessoais, investimentos e pr\u00e1ticas sustent\u00e1veis. Queremos capacitar indiv\u00edduos de todas as idades a alcan\u00e7arem equil\u00edbrio financeiro e ambiental, ajudando-os a poupar e cuidar no mesmo lugar.<\/p>\n\n\n\n<hr class=\"wp-block-separator has-alpha-channel-opacity\"\/>\n\n\n\n<h3 class=\"wp-block-heading\">O Que Fazemos<\/h3>\n\n\n\n<p>No Setor Finan\u00e7as, voc\u00ea encontrar\u00e1 conte\u00fados diversos, que incluem:<\/p>\n\n\n\n<ul class=\"wp-block-list\">\n<li><strong>Dicas de Finan\u00e7as:<\/strong> Orienta\u00e7\u00f5es pr\u00e1ticas para o controle de gastos, planejamento financeiro e investimentos.<\/li>\n\n\n\n<li><strong>Sustentabilidade:<\/strong> Informa\u00e7\u00f5es sobre como adotar h\u00e1bitos sustent\u00e1veis no dia a dia, contribuindo para a preserva\u00e7\u00e3o do meio ambiente enquanto gerencia suas finan\u00e7as.<\/li>\n\n\n\n<li><strong>Inspira\u00e7\u00e3o e Educa\u00e7\u00e3o:<\/strong> Artigos e guias que unem o universo das finan\u00e7as com pr\u00e1ticas ecol\u00f3gicas, promovendo um estilo de vida consciente e respons\u00e1vel.<\/li>\n<\/ul>\n\n\n\n<p>Cada artigo \u00e9 pensado para ser \u00fatil, pr\u00e1tico e inspirador, ajudando voc\u00ea a transformar sua rela\u00e7\u00e3o com o dinheiro e com o planeta.<\/p>\n\n\n\n<hr class=\"wp-block-separator has-alpha-channel-opacity\"\/>\n\n\n\n<h3 class=\"wp-block-heading\">Nossa Vis\u00e3o<\/h3>\n\n\n\n<p>Acreditamos que o verdadeiro sucesso financeiro vai al\u00e9m de acumular recursos \u2013 ele est\u00e1 em utilizar esses recursos de forma inteligente e sustent\u00e1vel. Nossa vis\u00e3o \u00e9 criar um espa\u00e7o onde as pessoas possam aprender, se inspirar e adotar pr\u00e1ticas que promovam tanto o bem-estar financeiro quanto a sustentabilidade ambiental.<\/p>\n\n\n\n<hr class=\"wp-block-separator has-alpha-channel-opacity\"\/>\n\n\n\n<h3 class=\"wp-block-heading\">Junte-se a N\u00f3s<\/h3>\n\n\n\n<p>Convidamos voc\u00ea a explorar o nosso portal, descobrir novas dicas de finan\u00e7as e abra\u00e7ar a ideia de que \u00e9 poss\u00edvel poupar e cuidar ao mesmo tempo. Seja para aprender a organizar suas finan\u00e7as, investir de forma consciente ou adotar h\u00e1bitos sustent\u00e1veis, o Setor Finan\u00e7as \u00e9 o lugar certo para voc\u00ea.<\/p>\n\n\n\n<hr class=\"wp-block-separator has-alpha-channel-opacity\"\/>\n\n\n\n<h3 class=\"wp-block-heading\">Informa\u00e7\u00f5es de Contato<\/h3>\n\n\n\n<p>Se voc\u00ea tiver qualquer d\u00favida ou desejar entrar em contato, envie um e-mail para <a>contato@setorreciclagem.com.br<\/a>.<\/p>","protected":false},"excerpt":{"rendered":"<p>Bem-vindo ao Setor Finan\u00e7as! No Setor Finan\u00e7as, acreditamos que poupar e cuidar caminham juntas. Nosso portal nasceu da paix\u00e3o por oferecer dicas pr\u00e1ticas de finan\u00e7as e promover a sustentabilidade, incentivando voc\u00ea a gerir seus recursos de maneira consciente e respons\u00e1vel. Nossa Miss\u00e3o Nossa miss\u00e3o \u00e9 compartilhar conhecimento e tend\u00eancias sobre finan\u00e7as pessoais, investimentos e pr\u00e1ticas [&hellip;]<\/p>","protected":false},"author":3,"featured_media":84,"parent":0,"menu_order":0,"comment_status":"closed","ping_status":"closed","template":"","meta":{"footnotes":""},"class_list":["post-32","page","type-page","status-publish","has-post-thumbnail","hentry"],"blocksy_meta":[],"_links":{"self":[{"href":"https:\/\/fin.setorreciclagem.com.br\/fr\/wp-json\/wp\/v2\/pages\/32","targetHints":{"allow":["GET"]}}],"collection":[{"href":"https:\/\/fin.setorreciclagem.com.br\/fr\/wp-json\/wp\/v2\/pages"}],"about":[{"href":"https:\/\/fin.setorreciclagem.com.br\/fr\/wp-json\/wp\/v2\/types\/page"}],"author":[{"embeddable":true,"href":"https:\/\/fin.setorreciclagem.com.br\/fr\/wp-json\/wp\/v2\/users\/3"}],"replies":[{"embeddable":true,"href":"https:\/\/fin.setorreciclagem.com.br\/fr\/wp-json\/wp\/v2\/comments?post=32"}],"version-history":[{"count":2,"href":"https:\/\/fin.setorreciclagem.com.br\/fr\/wp-json\/wp\/v2\/pages\/32\/revisions"}],"predecessor-version":[{"id":133,"href":"https:\/\/fin.setorreciclagem.com.br\/fr\/wp-json\/wp\/v2\/pages\/32\/revisions\/133"}],"wp:featuredmedia":[{"embeddable":true,"href":"https:\/\/fin.setorreciclagem.com.br\/fr\/wp-json\/wp\/v2\/media\/84"}],"wp:attachment":[{"href":"https:\/\/fin.setorreciclagem.com.br\/fr\/wp-json\/wp\/v2\/media?parent=32"}],"curies":[{"name":"wp","href":"https:\/\/api.w.org\/{rel}","templated":true}]}}